{"id":1736,"date":"2025-02-03T21:24:00","date_gmt":"2025-02-03T21:24:00","guid":{"rendered":"https:\/\/sanmartin.org.uk\/?page_id=1736"},"modified":"2025-07-11T17:11:46","modified_gmt":"2025-07-11T17:11:46","slug":"anniversaries","status":"publish","type":"page","link":"https:\/\/sanmartin.org.uk\/?page_id=1736","title":{"rendered":"IN THE PRESS"},"content":{"rendered":"\t\t<div data-elementor-type=\"wp-page\" data-elementor-id=\"1736\" class=\"elementor elementor-1736\">\n\t\t\t\t\t\t\t\t\t<section class=\"elementor-section elementor-top-section elementor-element elementor-element-9dd9a49 elementor-section-full_width elementor-section-height-default elementor-section-height-default\" data-id=\"9dd9a49\" data-element_type=\"section\">\n\t\t\t\t\t\t\t<div class=\"elementor-background-overlay\"><\/div>\n\t\t\t\t\t\t\t<div class=\"elementor-container elementor-column-gap-default\">\n\t\t\t\t\t<div class=\"elementor-column elementor-col-100 elementor-top-column elementor-element elementor-element-f9e5da4\" data-id=\"f9e5da4\" data-element_type=\"column\">\n\t\t\t<div class=\"elementor-widget-wrap elementor-element-populated\">\n\t\t\t\t\t\t\t\t<section class=\"elementor-section elementor-inner-section elementor-element elementor-element-7b114e3 elementor-section-boxed elementor-section-height-default elementor-section-height-default\" data-id=\"7b114e3\" data-element_type=\"section\">\n\t\t\t\t\t\t<div class=\"elementor-container elementor-column-gap-default\">\n\t\t\t\t\t<div class=\"elementor-column elementor-col-100 elementor-inner-column elementor-element elementor-element-8937d01\" data-id=\"8937d01\" data-element_type=\"column\">\n\t\t\t<div class=\"elementor-widget-wrap elementor-element-populated\">\n\t\t\t\t\t\t\t\t<div class=\"elementor-element elementor-element-807e5ce elementor-widget elementor-widget-spacer\" data-id=\"807e5ce\" data-element_type=\"widget\" data-widget_type=\"spacer.default\">\n\t\t\t\t<div class=\"elementor-widget-container\">\n\t\t\t<style>\/*! elementor - v3.14.0 - 18-06-2023 *\/\n.elementor-column .elementor-spacer-inner{height:var(--spacer-size)}.e-con{--container-widget-width:100%}.e-con-inner>.elementor-widget-spacer,.e-con>.elementor-widget-spacer{width:var(--container-widget-width,var(--spacer-size));--align-self:var(--container-widget-align-self,initial);--flex-shrink:0}.e-con-inner>.elementor-widget-spacer>.elementor-widget-container,.e-con-inner>.elementor-widget-spacer>.elementor-widget-container>.elementor-spacer,.e-con>.elementor-widget-spacer>.elementor-widget-container,.e-con>.elementor-widget-spacer>.elementor-widget-container>.elementor-spacer{height:100%}.e-con-inner>.elementor-widget-spacer>.elementor-widget-container>.elementor-spacer>.elementor-spacer-inner,.e-con>.elementor-widget-spacer>.elementor-widget-container>.elementor-spacer>.elementor-spacer-inner{height:var(--container-widget-height,var(--spacer-size))}<\/style>\t\t<div class=\"elementor-spacer\">\n\t\t\t<div class=\"elementor-spacer-inner\"><\/div>\n\t\t<\/div>\n\t\t\t\t<\/div>\n\t\t\t\t<\/div>\n\t\t\t\t<div class=\"elementor-element elementor-element-7a83e0e elementor-widget elementor-widget-spacer\" data-id=\"7a83e0e\" data-element_type=\"widget\" data-widget_type=\"spacer.default\">\n\t\t\t\t<div class=\"elementor-widget-container\">\n\t\t\t\t\t<div class=\"elementor-spacer\">\n\t\t\t<div class=\"elementor-spacer-inner\"><\/div>\n\t\t<\/div>\n\t\t\t\t<\/div>\n\t\t\t\t<\/div>\n\t\t\t\t<div class=\"elementor-element elementor-element-9f9e36c elementor-widget elementor-widget-text-editor\" data-id=\"9f9e36c\" data-element_type=\"widget\" data-widget_type=\"text-editor.default\">\n\t\t\t\t<div class=\"elementor-widget-container\">\n\t\t\t<style>\/*! elementor - v3.14.0 - 18-06-2023 *\/\n.elementor-widget-text-editor.elementor-drop-cap-view-stacked .elementor-drop-cap{background-color:#69727d;color:#fff}.elementor-widget-text-editor.elementor-drop-cap-view-framed .elementor-drop-cap{color:#69727d;border:3px solid;background-color:transparent}.elementor-widget-text-editor:not(.elementor-drop-cap-view-default) .elementor-drop-cap{margin-top:8px}.elementor-widget-text-editor:not(.elementor-drop-cap-view-default) .elementor-drop-cap-letter{width:1em;height:1em}.elementor-widget-text-editor .elementor-drop-cap{float:left;text-align:center;line-height:1;font-size:50px}.elementor-widget-text-editor .elementor-drop-cap-letter{display:inline-block}<\/style>\t\t\t\t<h1>BSMI IN THE PRESS<\/h1>\t\t\t\t\t\t<\/div>\n\t\t\t\t<\/div>\n\t\t\t\t<div class=\"elementor-element elementor-element-dbb19c7 elementor-widget elementor-widget-spacer\" data-id=\"dbb19c7\" data-element_type=\"widget\" data-widget_type=\"spacer.default\">\n\t\t\t\t<div class=\"elementor-widget-container\">\n\t\t\t\t\t<div class=\"elementor-spacer\">\n\t\t\t<div class=\"elementor-spacer-inner\"><\/div>\n\t\t<\/div>\n\t\t\t\t<\/div>\n\t\t\t\t<\/div>\n\t\t\t\t\t<\/div>\n\t\t<\/div>\n\t\t\t\t\t\t\t<\/div>\n\t\t<\/section>\n\t\t\t\t\t<\/div>\n\t\t<\/div>\n\t\t\t\t\t\t\t<\/div>\n\t\t<\/section>\n\t\t\t\t<section class=\"elementor-section elementor-top-section elementor-element elementor-element-f999c4e elementor-section-boxed elementor-section-height-default elementor-section-height-default\" data-id=\"f999c4e\" data-element_type=\"section\">\n\t\t\t\t\t\t<div class=\"elementor-container elementor-column-gap-default\">\n\t\t\t\t\t<div class=\"elementor-column elementor-col-100 elementor-top-column elementor-element elementor-element-4dcc947\" data-id=\"4dcc947\" data-element_type=\"column\">\n\t\t\t<div class=\"elementor-widget-wrap elementor-element-populated\">\n\t\t\t\t\t\t\t\t<div class=\"elementor-element elementor-element-f7e5aa8 elementor-widget elementor-widget-text-editor\" data-id=\"f7e5aa8\" data-element_type=\"widget\" data-widget_type=\"text-editor.default\">\n\t\t\t\t<div class=\"elementor-widget-container\">\n\t\t\t\t\t\t\t<p>\u00a0<\/p><p>\u00a0<\/p><h3>A BRIEF COMPILATION OF RECENT PRESS COVERAGE ON GENERAL JOS\u00c9 DE SAN MART\u00cdN\u2019S CONNECTIONS WITH THE UNITED KINGDOM AND THE BRITISH SAN MART\u00cdN INSTITUTE<\/h3>\t\t\t\t\t\t<\/div>\n\t\t\t\t<\/div>\n\t\t\t\t\t<\/div>\n\t\t<\/div>\n\t\t\t\t\t\t\t<\/div>\n\t\t<\/section>\n\t\t\t\t<section class=\"elementor-section elementor-top-section elementor-element elementor-element-d171f0c elementor-section-boxed elementor-section-height-default elementor-section-height-default\" data-id=\"d171f0c\" data-element_type=\"section\">\n\t\t\t\t\t\t<div class=\"elementor-container elementor-column-gap-default\">\n\t\t\t\t\t<div class=\"elementor-column elementor-col-100 elementor-top-column elementor-element elementor-element-92e26f3\" data-id=\"92e26f3\" data-element_type=\"column\">\n\t\t\t<div class=\"elementor-widget-wrap\">\n\t\t\t\t\t\t\t\t\t<\/div>\n\t\t<\/div>\n\t\t\t\t\t\t\t<\/div>\n\t\t<\/section>\n\t\t\t\t<section class=\"elementor-section elementor-top-section elementor-element elementor-element-b5af801 elementor-section-boxed elementor-section-height-default elementor-section-height-default\" data-id=\"b5af801\" data-element_type=\"section\">\n\t\t\t\t\t\t<div class=\"elementor-container elementor-column-gap-default\">\n\t\t\t\t\t<div class=\"elementor-column elementor-col-100 elementor-top-column elementor-element elementor-element-7b13503\" data-id=\"7b13503\" data-element_type=\"column\">\n\t\t\t<div class=\"elementor-widget-wrap elementor-element-populated\">\n\t\t\t\t\t\t\t\t<div class=\"elementor-element elementor-element-fba2c86 elementor-widget elementor-widget-text-editor\" data-id=\"fba2c86\" data-element_type=\"widget\" data-widget_type=\"text-editor.default\">\n\t\t\t\t<div class=\"elementor-widget-container\">\n\t\t\t\t\t\t\t<h3>2022<\/h3><p>\u00a0<\/p><p><a href=\"https:\/\/www.canninghouse.org\/canning-insights\/the-life-of-jose-de-san-martin\"><strong>Canning House\u00a0 (London, United Kingdom) \u2502 31 March 2022\u00a0 \u2502 &#8220;The life of Jos\u00e9 de San Mart\u00edn&#8221;<\/strong><\/a><\/p><p>\u00a0<\/p><h3>2024<\/h3><p>\u00a0<\/p><p><a href=\"https:\/\/sanmartiniano.cultura.gob.ar\/noticia\/bicentenario-de-san-martin-en-escocia\/\"><strong>Instituto Sanmartiniano Nacional (Buenos Aires, Argentina) \u2502 30 January 2024 \u2502 &#8220;Bicentenario de San Mart\u00edn en Escocia&#8221; (in Spanish)\u00a0<\/strong><\/a><\/p><p>\u00a0<\/p><p><a href=\"https:\/\/sanmartiniano.cultura.gob.ar\/noticia\/fallecimiento-del-academico-sanmartiniano-emerito-tomas-neville-hudson\/\"><strong>Instituto Sanmartiniano Nacional (Buenos Aires, Argentina) \u2502 11 June 2024 \u2502 &#8220;Fallecimiento del acad\u00e9mico sanmartiniano em\u00e9rito Tom\u00e1s Neville Hudson&#8221; (in Spanish)<\/strong><\/a><\/p><p>\u00a0<\/p><p><a href=\"https:\/\/sanmartiniano.cultura.gob.ar\/noticia\/a-true-hero\/\"><strong>Instituto Sanmartiniano Nacional (Buenos Aires, Argentina) \u2502 12 June 2024 \u2502 &#8220;A True Hero&#8221; (in English and Spanish)<\/strong><\/a><\/p><p>\u00a0<\/p><p><strong><a href=\"https:\/\/www.batimes.com.ar\/news\/argentina\/tommy-hudson-obe-1932-2024.phtml\">Buenos Aires Herald (Buenos Aires, Argentina) \u2502 14 June 2024 \u2502&#8221;Tommy Hudson OBE, 1932-2024&#8243;<\/a><\/strong><\/p><p>\u00a0<\/p><p><a href=\"https:\/\/www.lanacion.com.ar\/economia\/campo\/una-chacra-rural-una-plaza-de-versalles-y-los-200-anos-de-una-visita-de-san-martin-a-un-amigo-nid03082024\/\"><strong>La Naci\u00f3n (Buenos Aires, Argentina)\u2502 3 August 2024 \u2502 &#8220;<\/strong><strong>Una chacra rural, una plaza de Versalles y los 200 a\u00f1os de una visita de San Mart\u00edn a un amigo escoc\u00e9s&#8221; (in Spanish)<\/strong><\/a><\/p><p>\u00a0<\/p><p><a href=\"https:\/\/www.anglochileansociety.org\/single-post\/general-jos%C3%A9-de-san-mart%C3%ADn\"><strong>The Anglo-Chilean Society (London, United Kingdom) \u2502 August 2024 \u2502&#8221;This year is the bicentenary commemoration of General Jos\u00e9 de San Mart\u00edn&#8217;s visit to James Duff, 4th Earl of Fife, in Banff, Scotland.&#8221;<\/strong><\/a><\/p><p>\u00a0<\/p><p><strong><a href=\"https:\/\/www.grampianonline.co.uk\/news\/argentine-ambassador-s-visit-to-town-commemorates-country-s-359176\/\">Grampian Online (Scotland, United Kingdom) \u2502 23 August 2024 \u2502 &#8220;Banff visit commemorates Argentine General Jos\u00e9 de San Mart\u00edn&#8221;\u00a0<\/a><\/strong><\/p><p>\u00a0<\/p><p><a href=\"https:\/\/sanmartiniano.cultura.gob.ar\/noticia\/bicentenario-de-san-martin-en-escocia-1\/\"><strong>Instituto Sanmartiniano Nacional (Buenos Aires, Argentina) \u2502 27 August 2024 \u2502 &#8220;Bicentenario de San Mart\u00edn en Escocia&#8221; (in Spanish)\u00a0<\/strong><\/a><\/p><p>\u00a0<\/p><h3><strong>2025<\/strong><\/h3><p>\u00a0<\/p><p><strong><a href=\"https:\/\/www.canninghouse.org\/news\/commemoration-of-the-247th-anniversary-of-the-birth-of-general-jose-de-san-martin\">Canning House\u00a0 (London, United Kingdom) \u2502 25 February 2025\u00a0 \u2502 &#8220;Commemoration of the 247th anniversary of the birth of General Jos\u00e9 de San Mart\u00edn&#8221;<\/a><\/strong><\/p><p>\u00a0<\/p><p><strong><a href=\"https:\/\/www.grampianonline.co.uk\/news\/presentation-to-town-celebrates-its-link-with-argentine-stat-384485\/\">Grampian Online (Scotland, United Kingdom) \u2502 11 June 2025 \u2502 &#8220;Banff presentation celebrates link between town and Argentine statesman <\/a><\/strong><strong><a href=\"https:\/\/www.grampianonline.co.uk\/news\/presentation-to-town-celebrates-its-link-with-argentine-stat-384485\/\">General Jos\u00e9 de San Mart\u00edn&#8221;<\/a><\/strong><\/p>\t\t\t\t\t\t<\/div>\n\t\t\t\t<\/div>\n\t\t\t\t\t<\/div>\n\t\t<\/div>\n\t\t\t\t\t\t\t<\/div>\n\t\t<\/section>\n\t\t\t\t\t\t\t<\/div>\n\t\t","protected":false},"excerpt":{"rendered":"<p>BSMI IN THE PRESS \u00a0 \u00a0 A BRIEF COMPILATION OF RECENT PRESS COVERAGE ON GENERAL JOS\u00c9 DE SAN MART\u00cdN\u2019S CONNECTIONS WITH THE UNITED KINGDOM AND THE BRITISH SAN MART\u00cdN INSTITUTE [&hellip;]<\/p>\n","protected":false},"author":1,"featured_media":0,"parent":0,"menu_order":0,"comment_status":"closed","ping_status":"closed","template":"elementor_header_footer","meta":{"om_disable_all_campaigns":false,"_mi_skip_tracking":false,"footnotes":""},"class_list":["post-1736","page","type-page","status-publish","hentry"],"aioseo_notices":[],"_links":{"self":[{"href":"https:\/\/sanmartin.org.uk\/index.php?rest_route=\/wp\/v2\/pages\/1736","targetHints":{"allow":["GET"]}}],"collection":[{"href":"https:\/\/sanmartin.org.uk\/index.php?rest_route=\/wp\/v2\/pages"}],"about":[{"href":"https:\/\/sanmartin.org.uk\/index.php?rest_route=\/wp\/v2\/types\/page"}],"author":[{"embeddable":true,"href":"https:\/\/sanmartin.org.uk\/index.php?rest_route=\/wp\/v2\/users\/1"}],"replies":[{"embeddable":true,"href":"https:\/\/sanmartin.org.uk\/index.php?rest_route=%2Fwp%2Fv2%2Fcomments&post=1736"}],"version-history":[{"count":72,"href":"https:\/\/sanmartin.org.uk\/index.php?rest_route=\/wp\/v2\/pages\/1736\/revisions"}],"predecessor-version":[{"id":2034,"href":"https:\/\/sanmartin.org.uk\/index.php?rest_route=\/wp\/v2\/pages\/1736\/revisions\/2034"}],"wp:attachment":[{"href":"https:\/\/sanmartin.org.uk\/index.php?rest_route=%2Fwp%2Fv2%2Fmedia&parent=1736"}],"curies":[{"name":"wp","href":"https:\/\/api.w.org\/{rel}","templated":true}]}}